{"id":2,"date":"2025-01-11T19:30:01","date_gmt":"2025-01-11T19:30:01","guid":{"rendered":"http:\/\/ai.ngng.win\/?page_id=2"},"modified":"2025-05-06T10:10:16","modified_gmt":"2025-05-06T17:10:16","slug":"contact-us","status":"publish","type":"page","link":"https:\/\/ai.ngng.win\/es_es\/contact-us\/","title":{"rendered":"Contacto"},"content":{"rendered":"<p class=\"has-text-align-center\">Nuestra direcci\u00f3n, n\u00famero de tel\u00e9fono, fax y correo electr\u00f3nico<\/p>\n\n\n\n<blockquote class=\"wp-block-quote is-layout-flow wp-block-quote-is-layout-flow\">\n<p>Cl\u00ednica M\u00e9dica 1<\/p>\n\n\n\n<p>10150 Almeda Genoa Rd, Houston, TX 77075 <a href=\"https:\/\/maps.app.goo.gl\/29oyqojr5q6j58i67\" data-type=\"link\" data-id=\"https:\/\/maps.app.goo.gl\/29oyqojr5q6j58i67\" target=\"_blank\" rel=\"noreferrer noopener nofollow\"><img loading=\"lazy\" decoding=\"async\" width=\"32\" height=\"46\" class=\"wp-image-196\" style=\"width: 32px;\" src=\"https:\/\/ai.ngng.win\/wp-content\/uploads\/2025\/02\/128px-Google_Maps_icon_2020.svg_.png\" alt=\"Click to open map\"><\/a><\/p>\n<\/blockquote>\n\n\n\n<p><\/p>\n\n\n\n<blockquote class=\"wp-block-quote is-layout-flow wp-block-quote-is-layout-flow\">\n<p>Cl\u00ednica M\u00e9dica 2<\/p>\n\n\n\n<p>12000 Bellaire Blvd, Houston, TX 77072 <a href=\"https:\/\/maps.app.goo.gl\/2bQHZmTEYu6s1dJJ6\" data-type=\"link\" data-id=\"https:\/\/maps.app.goo.gl\/p782kA5sE59D2PFFA\" target=\"_blank\" rel=\"noreferrer noopener nofollow\"><img loading=\"lazy\" decoding=\"async\" width=\"32\" height=\"46\" class=\"wp-image-196\" style=\"width: 32px;\" src=\"https:\/\/ai.ngng.win\/wp-content\/uploads\/2025\/02\/128px-Google_Maps_icon_2020.svg_.png\" alt=\"Click to open map\"><\/a><\/p>\n<\/blockquote>\n\n\n\n<blockquote class=\"wp-block-quote is-layout-flow wp-block-quote-is-layout-flow\">\n<p>Cl\u00ednica M\u00e9dica 3<\/p>\n\n\n\n<p>16632 FM 529 Rd, Houston, TX 77095 <a href=\"https:\/\/g.co\/kgs\/DF3FGdA\" target=\"_blank\" rel=\"noreferrer noopener\"><img loading=\"lazy\" decoding=\"async\" width=\"32\" height=\"46\" class=\"wp-image-196\" style=\"width: 32px;\" src=\"https:\/\/ai.ngng.win\/wp-content\/uploads\/2025\/02\/128px-Google_Maps_icon_2020.svg_.png\" alt=\"Click to open map\"><\/a><\/p>\n<\/blockquote>\n\n\n\n<blockquote class=\"wp-block-quote is-layout-flow wp-block-quote-is-layout-flow\">\n<p><a href=\"mailto:admin@ngng.win\" data-type=\"mailto\" data-id=\"mailto:admin@ngng.win\">email<\/a>: admin@ngng.win<\/p>\n\n\n\n<div class=\"wp-block-buttons is-horizontal is-layout-flex wp-block-buttons-is-layout-flex\" style=\"margin-top:0;margin-bottom:0;padding-top:0;padding-right:0;padding-bottom:0;padding-left:0\">\n<div class=\"wp-block-button\"><a class=\"wp-block-button__link wp-element-button\" href=\"https:\/\/ai.ngng.win\/es_es\/booking-an-appointment\/\">Solicitar cita<\/a><\/div>\n<\/div>\n\n\n\n<div class=\"wp-block-buttons is-layout-flex wp-block-buttons-is-layout-flex\">\n<div class=\"wp-block-button\"><a class=\"wp-block-button__link wp-element-button\" href=\"https:\/\/ai.ngng.win\/es_es\/booking-an-appointment\/\">Subir documentos<\/a><\/div>\n<\/div>\n<\/blockquote>\n\n\n\n<blockquote class=\"wp-block-quote is-layout-flow wp-block-quote-is-layout-flow\">\n<p>Charla en l\u00ednea<\/p>\n\n\n\n<p class=\"has-medium-font-size\">Haga clic en la burbuja en la esquina inferior derecha para iniciar un chat.<\/p>\n\n\n\n<p class=\"has-medium-font-size\">Este chat es para responder preguntas generales relacionadas con una cita, documentaci\u00f3n y preguntas sobre facturaci\u00f3n \u00fanicamente. Por favor abst\u00e9ngase de pedir consejo m\u00e9dico ya que no es manejado por profesionales m\u00e9dicos.<\/p>\n<\/blockquote>\n\n\n\n<blockquote class=\"wp-block-quote is-layout-flow wp-block-quote-is-layout-flow\">\n<p>Copyrights \u00a9, Derechos de Autor<\/p>\n\n\n\n<p class=\"has-medium-font-size\">Translations on this website, especially Vietnamese version, are written in a specific writing style of the authors to match natural language interpretation and might not match English version. It is the work of our providers. Don&#8217;t copy them as it is considered plagiarism and\/or copyright violation.<\/p>\n<\/blockquote>\n\n\n\n<p><\/p>\n\n\n\n<script>\n  (function(d,t) {\n    var BASE_URL=\"https:\/\/chatwoot.ngng.win\";\n    var g=d.createElement(t),s=d.getElementsByTagName(t)[0];\n    g.src=BASE_URL+\"\/packs\/js\/sdk.js\";\n    g.defer = true;\n    g.async = true;\n    s.parentNode.insertBefore(g,s);\n    g.onload=function(){\n      window.chatwootSDK.run({\n        websiteToken: 'Eidiaspiy3M4S8ojK9Gn1MQQ',\n        baseUrl: BASE_URL\n      })\n    }\n  })(document,\"script\");\n<\/script>","protected":false},"excerpt":{"rendered":"<p>Our address, phone number, fax and email Medical Clinic 1 10150 Almeda Genoa Rd, Houston, TX 77075 Medical Clinic 2 12000 Bellaire Blvd, Houston, TX 77072 Medical Clinic 3 16632 FM 529 Rd, Houston, TX 77095 Online chat Click on the bubble at the right lower corner to start a chat This chat is for [&hellip;]<\/p>","protected":false},"author":1,"featured_media":0,"parent":0,"menu_order":0,"comment_status":"closed","ping_status":"closed","template":"","meta":{"footnotes":""},"class_list":["post-2","page","type-page","status-publish","hentry"],"_links":{"self":[{"href":"https:\/\/ai.ngng.win\/es_es\/wp-json\/wp\/v2\/pages\/2","targetHints":{"allow":["GET"]}}],"collection":[{"href":"https:\/\/ai.ngng.win\/es_es\/wp-json\/wp\/v2\/pages"}],"about":[{"href":"https:\/\/ai.ngng.win\/es_es\/wp-json\/wp\/v2\/types\/page"}],"author":[{"embeddable":true,"href":"https:\/\/ai.ngng.win\/es_es\/wp-json\/wp\/v2\/users\/1"}],"replies":[{"embeddable":true,"href":"https:\/\/ai.ngng.win\/es_es\/wp-json\/wp\/v2\/comments?post=2"}],"version-history":[{"count":35,"href":"https:\/\/ai.ngng.win\/es_es\/wp-json\/wp\/v2\/pages\/2\/revisions"}],"predecessor-version":[{"id":414,"href":"https:\/\/ai.ngng.win\/es_es\/wp-json\/wp\/v2\/pages\/2\/revisions\/414"}],"wp:attachment":[{"href":"https:\/\/ai.ngng.win\/es_es\/wp-json\/wp\/v2\/media?parent=2"}],"curies":[{"name":"wp","href":"https:\/\/api.w.org\/{rel}","templated":true}]}}