{"id":2,"date":"2025-01-11T19:30:01","date_gmt":"2025-01-11T19:30:01","guid":{"rendered":"http:\/\/ai.ngng.win\/?page_id=2"},"modified":"2025-05-06T10:10:16","modified_gmt":"2025-05-06T17:10:16","slug":"contact-us","status":"publish","type":"page","link":"https:\/\/ai.ngng.win\/vi\/contact-us\/","title":{"rendered":"Li\u00ean l\u1ea1c"},"content":{"rendered":"<p class=\"has-text-align-center\">\u0110\u1ecba ch\u1ec9, s\u1ed1 \u0111i\u1ec7n tho\u1ea1i, s\u1ed1 fax v\u00e0 email c\u1ee7a ph\u00f2ng kh\u00e1m<\/p>\n\n\n\n<blockquote class=\"wp-block-quote is-layout-flow wp-block-quote-is-layout-flow\">\n<p>Ph\u00f2ng kh\u00e1m c\u01a1 s\u1edf 1<\/p>\n\n\n\n<p>10150 Almeda Genoa Rd, Houston, TX 77075 <a href=\"https:\/\/maps.app.goo.gl\/29oyqojr5q6j58i67\" data-type=\"link\" data-id=\"https:\/\/maps.app.goo.gl\/29oyqojr5q6j58i67\" target=\"_blank\" rel=\"noreferrer noopener nofollow\"><img loading=\"lazy\" decoding=\"async\" width=\"32\" height=\"46\" class=\"wp-image-196\" style=\"width: 32px;\" src=\"https:\/\/ai.ngng.win\/wp-content\/uploads\/2025\/02\/128px-Google_Maps_icon_2020.svg_.png\" alt=\"Click to open map\"><\/a><\/p>\n<\/blockquote>\n\n\n\n<p><\/p>\n\n\n\n<blockquote class=\"wp-block-quote is-layout-flow wp-block-quote-is-layout-flow\">\n<p>Ph\u00f2ng kh\u00e1m c\u01a1 s\u1edf 2<\/p>\n\n\n\n<p>12000 Bellaire Blvd, Houston, TX 77072 <a href=\"https:\/\/maps.app.goo.gl\/2bQHZmTEYu6s1dJJ6\" data-type=\"link\" data-id=\"https:\/\/maps.app.goo.gl\/p782kA5sE59D2PFFA\" target=\"_blank\" rel=\"noreferrer noopener nofollow\"><img loading=\"lazy\" decoding=\"async\" width=\"32\" height=\"46\" class=\"wp-image-196\" style=\"width: 32px;\" src=\"https:\/\/ai.ngng.win\/wp-content\/uploads\/2025\/02\/128px-Google_Maps_icon_2020.svg_.png\" alt=\"Click to open map\"><\/a><\/p>\n<\/blockquote>\n\n\n\n<blockquote class=\"wp-block-quote is-layout-flow wp-block-quote-is-layout-flow\">\n<p>Ph\u00f2ng kh\u00e1m c\u01a1 s\u1edf 3<\/p>\n\n\n\n<p>16632 FM 529 Rd, Houston, TX 77095 <a href=\"https:\/\/g.co\/kgs\/DF3FGdA\" target=\"_blank\" rel=\"noreferrer noopener\"><img loading=\"lazy\" decoding=\"async\" width=\"32\" height=\"46\" class=\"wp-image-196\" style=\"width: 32px;\" src=\"https:\/\/ai.ngng.win\/wp-content\/uploads\/2025\/02\/128px-Google_Maps_icon_2020.svg_.png\" alt=\"Click to open map\"><\/a><\/p>\n<\/blockquote>\n\n\n\n<blockquote class=\"wp-block-quote is-layout-flow wp-block-quote-is-layout-flow\">\n<p><a href=\"mailto:admin@ngng.win\" data-type=\"mailto\" data-id=\"mailto:admin@ngng.win\">email<\/a>: admin@ngng.win<\/p>\n\n\n\n<div class=\"wp-block-buttons is-horizontal is-layout-flex wp-block-buttons-is-layout-flex\" style=\"margin-top:0;margin-bottom:0;padding-top:0;padding-right:0;padding-bottom:0;padding-left:0\">\n<div class=\"wp-block-button\"><a class=\"wp-block-button__link wp-element-button\" href=\"https:\/\/ai.ngng.win\/vi\/booking-an-appointment\/\">\u0110\u1eb7t h\u1eb9n ngay<\/a><\/div>\n<\/div>\n\n\n\n<div class=\"wp-block-buttons is-layout-flex wp-block-buttons-is-layout-flex\">\n<div class=\"wp-block-button\"><a class=\"wp-block-button__link wp-element-button\" href=\"https:\/\/ai.ngng.win\/vi\/booking-an-appointment\/\">N\u1ed9p h\u1ed3 s\u01a1 t\u1ea1i \u0111\u00e2y<\/a><\/div>\n<\/div>\n<\/blockquote>\n\n\n\n<blockquote class=\"wp-block-quote is-layout-flow wp-block-quote-is-layout-flow\">\n<p>\u0110\u1ed1i tho\u1ea1i tr\u1ef1c tuy\u1ebfn<\/p>\n\n\n\n<p class=\"has-medium-font-size\">B\u1ea5m v\u00e0o n\u00fat xanh \u1edf g\u00f3c d\u01b0\u1edbi b\u00ean ph\u1ea3i \u0111\u1ec3 b\u1eaft \u0111\u1ea7u tr\u00f2 chuy\u1ec7n.<\/p>\n\n\n\n<p class=\"has-medium-font-size\">C\u1eeda s\u1ed5 tr\u00f2 chuy\u1ec7n tr\u1ef1c tuy\u1ebfn n\u00e0y ch\u1ec9 d\u00e0nh \u0111\u1ec3 gi\u1ea3i \u0111\u00e1p nh\u1eefng th\u1eafc m\u1eafc chung, nh\u01b0 l\u00e0 \u0111\u1eb7t h\u1eb9n, gi\u1ea5y t\u1edd, bill kh\u00e1m b\u1ec7nh. Xin tr\u00e1nh h\u1ecfi v\u1ec1 chuy\u00ean m\u00f4n y khoa v\u00e0 v\u1ea5n \u0111\u1ec1 li\u00ean quan \u0111\u1ebfn s\u1ee9c kh\u1ecfe c\u1ee7a qu\u00fd v\u1ecb, v\u00ec ng\u01b0\u1eddi tr\u1ea3 l\u1eddi cho qu\u00fd v\u1ecb kh\u00f4ng ph\u1ea3i l\u00e0 m\u1ed9t nh\u00e2n vi\u00ean y t\u1ebf.<\/p>\n<\/blockquote>\n\n\n\n<blockquote class=\"wp-block-quote is-layout-flow wp-block-quote-is-layout-flow\">\n<p>B\u1ea3n quy\u1ec1n \u00a9, T\u00e1c quy\u1ec1n<\/p>\n\n\n\n<p class=\"has-medium-font-size\">Translations on this website, especially Vietnamese version, are written in a specific writing style of the authors to match natural language interpretation and might not match English version. It is the work of our providers. Don&#8217;t copy them as it is considered plagiarism and\/or copyright violation.<\/p>\n<\/blockquote>\n\n\n\n<p><\/p>\n\n\n\n<script>\n  (function(d,t) {\n    var BASE_URL=\"https:\/\/chatwoot.ngng.win\";\n    var g=d.createElement(t),s=d.getElementsByTagName(t)[0];\n    g.src=BASE_URL+\"\/packs\/js\/sdk.js\";\n    g.defer = true;\n    g.async = true;\n    s.parentNode.insertBefore(g,s);\n    g.onload=function(){\n      window.chatwootSDK.run({\n        websiteToken: 'Eidiaspiy3M4S8ojK9Gn1MQQ',\n        baseUrl: BASE_URL\n      })\n    }\n  })(document,\"script\");\n<\/script>","protected":false},"excerpt":{"rendered":"<p>Our address, phone number, fax and email Medical Clinic 1 10150 Almeda Genoa Rd, Houston, TX 77075 Medical Clinic 2 12000 Bellaire Blvd, Houston, TX 77072 Medical Clinic 3 16632 FM 529 Rd, Houston, TX 77095 Online chat Click on the bubble at the right lower corner to start a chat This chat is for [&hellip;]<\/p>","protected":false},"author":1,"featured_media":0,"parent":0,"menu_order":0,"comment_status":"closed","ping_status":"closed","template":"","meta":{"footnotes":""},"class_list":["post-2","page","type-page","status-publish","hentry"],"_links":{"self":[{"href":"https:\/\/ai.ngng.win\/vi\/wp-json\/wp\/v2\/pages\/2","targetHints":{"allow":["GET"]}}],"collection":[{"href":"https:\/\/ai.ngng.win\/vi\/wp-json\/wp\/v2\/pages"}],"about":[{"href":"https:\/\/ai.ngng.win\/vi\/wp-json\/wp\/v2\/types\/page"}],"author":[{"embeddable":true,"href":"https:\/\/ai.ngng.win\/vi\/wp-json\/wp\/v2\/users\/1"}],"replies":[{"embeddable":true,"href":"https:\/\/ai.ngng.win\/vi\/wp-json\/wp\/v2\/comments?post=2"}],"version-history":[{"count":35,"href":"https:\/\/ai.ngng.win\/vi\/wp-json\/wp\/v2\/pages\/2\/revisions"}],"predecessor-version":[{"id":414,"href":"https:\/\/ai.ngng.win\/vi\/wp-json\/wp\/v2\/pages\/2\/revisions\/414"}],"wp:attachment":[{"href":"https:\/\/ai.ngng.win\/vi\/wp-json\/wp\/v2\/media?parent=2"}],"curies":[{"name":"wp","href":"https:\/\/api.w.org\/{rel}","templated":true}]}}